{"id":734,"date":"2024-10-24T11:03:58","date_gmt":"2024-10-24T11:03:58","guid":{"rendered":"https:\/\/www.eurosaverhub.com\/us\/?page_id=734"},"modified":"2025-11-03T07:52:37","modified_gmt":"2025-11-03T07:52:37","slug":"faqs","status":"publish","type":"page","link":"https:\/\/www.eurosaverhub.com\/se\/faqs\/","title":{"rendered":"FAQs"},"content":{"rendered":"<h2>Vanliga fr\u00e5gor<\/h2>\n<p>V\u00e4lkommen till Euro Savings Center! Vi finns h\u00e4r f\u00f6r att svara p\u00e5 n\u00e5gra av dina vanligaste fr\u00e5gor om v\u00e5r plattform och den sp\u00e4nnande v\u00e4rlden av oslagbara erbjudanden. Om du fortfarande inte hittar det du letar efter, v\u00e4nligen kontakta v\u00e5rt v\u00e4nliga supportteam f\u00f6r ytterligare hj\u00e4lp.<\/p>\n","protected":false},"excerpt":{"rendered":"<p>Vanliga fr\u00e5gor V\u00e4lkommen till Euro Savings Center! Vi finns h\u00e4r f\u00f6r att svara p\u00e5 n\u00e5gra av dina vanligaste fr\u00e5gor om v\u00e5r plattform och den sp\u00e4nnande v\u00e4rlden av oslagbara erbjudanden. Om du fortfarande inte hittar det du letar efter, v\u00e4nligen kontakta v\u00e5rt v\u00e4nliga supportteam f\u00f6r ytterligare hj\u00e4lp.<\/p>\n","protected":false},"author":1,"featured_media":0,"parent":0,"menu_order":0,"comment_status":"closed","ping_status":"closed","template":"pages\/faqs.php","meta":{"_acf_changed":false,"footnotes":""},"class_list":["post-734","page","type-page","status-publish","hentry"],"acf":[],"yoast_head":"<!-- This site is optimized with the Yoast SEO plugin v26.2 - https:\/\/yoast.com\/wordpress\/plugins\/seo\/ -->\n<title>Vanliga fr\u00e5gor | Euro Saver Hub-SE<\/title>\n<meta name=\"description\" content=\"I v\u00e5r FAQ-sektion hittar du svar p\u00e5 de vanligaste fr\u00e5gorna om Euro Saver Hub-SE, rabattkoder, erbjudanden och v\u00e5ra tj\u00e4nster.\" \/>\n<meta name=\"robots\" content=\"index, follow, max-snippet:-1, max-image-preview:large, max-video-preview:-1\" \/>\n<link rel=\"canonical\" href=\"https:\/\/www.eurosaverhub.com\/se\/faqs\/\" \/>\n<meta property=\"og:locale\" content=\"en_US\" \/>\n<meta property=\"og:type\" content=\"article\" \/>\n<meta property=\"og:title\" content=\"Vanliga fr\u00e5gor | Euro Saver Hub-SE\" \/>\n<meta property=\"og:description\" content=\"I v\u00e5r FAQ-sektion hittar du svar p\u00e5 de vanligaste fr\u00e5gorna om Euro Saver Hub-SE, rabattkoder, erbjudanden och v\u00e5ra tj\u00e4nster.\" \/>\n<meta property=\"og:url\" content=\"https:\/\/www.eurosaverhub.com\/se\/faqs\/\" \/>\n<meta property=\"og:site_name\" content=\"EuroSaverHub SE\" \/>\n<meta property=\"article:modified_time\" content=\"2025-11-03T07:52:37+00:00\" \/>\n<meta name=\"twitter:card\" content=\"summary_large_image\" \/>\n<meta name=\"twitter:label1\" content=\"Est. reading time\" \/>\n\t<meta name=\"twitter:data1\" content=\"1 minute\" \/>\n<script type=\"application\/ld+json\" class=\"yoast-schema-graph\">{\"@context\":\"https:\/\/schema.org\",\"@graph\":[{\"@type\":\"WebPage\",\"@id\":\"https:\/\/www.eurosaverhub.com\/se\/faqs\/\",\"url\":\"https:\/\/www.eurosaverhub.com\/se\/faqs\/\",\"name\":\"Vanliga fr\u00e5gor | Euro Saver Hub-SE\",\"isPartOf\":{\"@id\":\"https:\/\/www.eurosaverhub.com\/se\/#website\"},\"datePublished\":\"2024-10-24T11:03:58+00:00\",\"dateModified\":\"2025-11-03T07:52:37+00:00\",\"description\":\"I v\u00e5r FAQ-sektion hittar du svar p\u00e5 de vanligaste fr\u00e5gorna om Euro Saver Hub-SE, rabattkoder, erbjudanden och v\u00e5ra tj\u00e4nster.\",\"breadcrumb\":{\"@id\":\"https:\/\/www.eurosaverhub.com\/se\/faqs\/#breadcrumb\"},\"inLanguage\":\"en-US\",\"potentialAction\":[{\"@type\":\"ReadAction\",\"target\":[\"https:\/\/www.eurosaverhub.com\/se\/faqs\/\"]}]},{\"@type\":\"BreadcrumbList\",\"@id\":\"https:\/\/www.eurosaverhub.com\/se\/faqs\/#breadcrumb\",\"itemListElement\":[{\"@type\":\"ListItem\",\"position\":1,\"name\":\"Home\",\"item\":\"https:\/\/www.eurosaverhub.com\/se\/\"},{\"@type\":\"ListItem\",\"position\":2,\"name\":\"FAQs\"}]},{\"@type\":\"WebSite\",\"@id\":\"https:\/\/www.eurosaverhub.com\/se\/#website\",\"url\":\"https:\/\/www.eurosaverhub.com\/se\/\",\"name\":\"EuroSaverHub SE\",\"description\":\"\",\"potentialAction\":[{\"@type\":\"SearchAction\",\"target\":{\"@type\":\"EntryPoint\",\"urlTemplate\":\"https:\/\/www.eurosaverhub.com\/se\/?s={search_term_string}\"},\"query-input\":{\"@type\":\"PropertyValueSpecification\",\"valueRequired\":true,\"valueName\":\"search_term_string\"}}],\"inLanguage\":\"en-US\"}]}<\/script>\n<!-- \/ Yoast SEO plugin. -->","yoast_head_json":{"title":"Vanliga fr\u00e5gor | Euro Saver Hub-SE","description":"I v\u00e5r FAQ-sektion hittar du svar p\u00e5 de vanligaste fr\u00e5gorna om Euro Saver Hub-SE, rabattkoder, erbjudanden och v\u00e5ra tj\u00e4nster.","robots":{"index":"index","follow":"follow","max-snippet":"max-snippet:-1","max-image-preview":"max-image-preview:large","max-video-preview":"max-video-preview:-1"},"canonical":"https:\/\/www.eurosaverhub.com\/se\/faqs\/","og_locale":"en_US","og_type":"article","og_title":"Vanliga fr\u00e5gor | Euro Saver Hub-SE","og_description":"I v\u00e5r FAQ-sektion hittar du svar p\u00e5 de vanligaste fr\u00e5gorna om Euro Saver Hub-SE, rabattkoder, erbjudanden och v\u00e5ra tj\u00e4nster.","og_url":"https:\/\/www.eurosaverhub.com\/se\/faqs\/","og_site_name":"EuroSaverHub SE","article_modified_time":"2025-11-03T07:52:37+00:00","twitter_card":"summary_large_image","twitter_misc":{"Est. reading time":"1 minute"},"schema":{"@context":"https:\/\/schema.org","@graph":[{"@type":"WebPage","@id":"https:\/\/www.eurosaverhub.com\/se\/faqs\/","url":"https:\/\/www.eurosaverhub.com\/se\/faqs\/","name":"Vanliga fr\u00e5gor | Euro Saver Hub-SE","isPartOf":{"@id":"https:\/\/www.eurosaverhub.com\/se\/#website"},"datePublished":"2024-10-24T11:03:58+00:00","dateModified":"2025-11-03T07:52:37+00:00","description":"I v\u00e5r FAQ-sektion hittar du svar p\u00e5 de vanligaste fr\u00e5gorna om Euro Saver Hub-SE, rabattkoder, erbjudanden och v\u00e5ra tj\u00e4nster.","breadcrumb":{"@id":"https:\/\/www.eurosaverhub.com\/se\/faqs\/#breadcrumb"},"inLanguage":"en-US","potentialAction":[{"@type":"ReadAction","target":["https:\/\/www.eurosaverhub.com\/se\/faqs\/"]}]},{"@type":"BreadcrumbList","@id":"https:\/\/www.eurosaverhub.com\/se\/faqs\/#breadcrumb","itemListElement":[{"@type":"ListItem","position":1,"name":"Home","item":"https:\/\/www.eurosaverhub.com\/se\/"},{"@type":"ListItem","position":2,"name":"FAQs"}]},{"@type":"WebSite","@id":"https:\/\/www.eurosaverhub.com\/se\/#website","url":"https:\/\/www.eurosaverhub.com\/se\/","name":"EuroSaverHub SE","description":"","potentialAction":[{"@type":"SearchAction","target":{"@type":"EntryPoint","urlTemplate":"https:\/\/www.eurosaverhub.com\/se\/?s={search_term_string}"},"query-input":{"@type":"PropertyValueSpecification","valueRequired":true,"valueName":"search_term_string"}}],"inLanguage":"en-US"}]}},"_links":{"self":[{"href":"https:\/\/www.eurosaverhub.com\/se\/wp-json\/wp\/v2\/pages\/734","targetHints":{"allow":["GET"]}}],"collection":[{"href":"https:\/\/www.eurosaverhub.com\/se\/wp-json\/wp\/v2\/pages"}],"about":[{"href":"https:\/\/www.eurosaverhub.com\/se\/wp-json\/wp\/v2\/types\/page"}],"author":[{"embeddable":true,"href":"https:\/\/www.eurosaverhub.com\/se\/wp-json\/wp\/v2\/users\/1"}],"replies":[{"embeddable":true,"href":"https:\/\/www.eurosaverhub.com\/se\/wp-json\/wp\/v2\/comments?post=734"}],"version-history":[{"count":2,"href":"https:\/\/www.eurosaverhub.com\/se\/wp-json\/wp\/v2\/pages\/734\/revisions"}],"predecessor-version":[{"id":3739,"href":"https:\/\/www.eurosaverhub.com\/se\/wp-json\/wp\/v2\/pages\/734\/revisions\/3739"}],"wp:attachment":[{"href":"https:\/\/www.eurosaverhub.com\/se\/wp-json\/wp\/v2\/media?parent=734"}],"curies":[{"name":"wp","href":"https:\/\/api.w.org\/{rel}","templated":true}]}}