{"id":246,"date":"2024-10-23T08:02:37","date_gmt":"2024-10-23T08:02:37","guid":{"rendered":"https:\/\/www.eurosaverhub.com\/us\/?page_id=246"},"modified":"2025-11-03T12:42:55","modified_gmt":"2025-11-03T12:42:55","slug":"contact-us","status":"publish","type":"page","link":"https:\/\/www.eurosaverhub.com\/se\/contact-us\/","title":{"rendered":"Kontakta oss"},"content":{"rendered":"<h3>Kontakta oss<\/h3>\n<p>Har du n\u00e5gra fr\u00e5gor? Tveka inte att skriva till oss h\u00e4r!<\/p>\n","protected":false},"excerpt":{"rendered":"<p>Kontakta oss Har du n\u00e5gra fr\u00e5gor? Tveka inte att skriva till oss h\u00e4r!<\/p>\n","protected":false},"author":1,"featured_media":0,"parent":0,"menu_order":0,"comment_status":"closed","ping_status":"closed","template":"pages\/pages-template.php","meta":{"_acf_changed":false,"footnotes":""},"class_list":["post-246","page","type-page","status-publish","hentry"],"acf":[],"yoast_head":"<!-- This site is optimized with the Yoast SEO plugin v26.2 - https:\/\/yoast.com\/wordpress\/plugins\/seo\/ -->\n<title>Kontakta oss - Kontakta Euro Saver Hub-SE<\/title>\n<meta name=\"description\" content=\"Har du fr\u00e5gor eller beh\u00f6ver du support? Kontakta Euro Saver Hub-SE f\u00f6r hj\u00e4lp med erbjudanden, koder eller andra fr\u00e5gor.\" \/>\n<meta name=\"robots\" content=\"index, follow, max-snippet:-1, max-image-preview:large, max-video-preview:-1\" \/>\n<link rel=\"canonical\" href=\"https:\/\/www.eurosaverhub.com\/se\/contact-us\/\" \/>\n<meta property=\"og:locale\" content=\"en_US\" \/>\n<meta property=\"og:type\" content=\"article\" \/>\n<meta property=\"og:title\" content=\"Kontakta oss - Kontakta Euro Saver Hub-SE\" \/>\n<meta property=\"og:description\" content=\"Har du fr\u00e5gor eller beh\u00f6ver du support? Kontakta Euro Saver Hub-SE f\u00f6r hj\u00e4lp med erbjudanden, koder eller andra fr\u00e5gor.\" \/>\n<meta property=\"og:url\" content=\"https:\/\/www.eurosaverhub.com\/se\/contact-us\/\" \/>\n<meta property=\"og:site_name\" content=\"EuroSaverHub SE\" \/>\n<meta property=\"article:modified_time\" content=\"2025-11-03T12:42:55+00:00\" \/>\n<meta name=\"twitter:card\" content=\"summary_large_image\" \/>\n<meta name=\"twitter:label1\" content=\"Est. reading time\" \/>\n\t<meta name=\"twitter:data1\" content=\"1 minute\" \/>\n<script type=\"application\/ld+json\" class=\"yoast-schema-graph\">{\"@context\":\"https:\/\/schema.org\",\"@graph\":[{\"@type\":\"WebPage\",\"@id\":\"https:\/\/www.eurosaverhub.com\/se\/contact-us\/\",\"url\":\"https:\/\/www.eurosaverhub.com\/se\/contact-us\/\",\"name\":\"Kontakta oss - Kontakta Euro Saver Hub-SE\",\"isPartOf\":{\"@id\":\"https:\/\/www.eurosaverhub.com\/se\/#website\"},\"datePublished\":\"2024-10-23T08:02:37+00:00\",\"dateModified\":\"2025-11-03T12:42:55+00:00\",\"description\":\"Har du fr\u00e5gor eller beh\u00f6ver du support? Kontakta Euro Saver Hub-SE f\u00f6r hj\u00e4lp med erbjudanden, koder eller andra fr\u00e5gor.\",\"breadcrumb\":{\"@id\":\"https:\/\/www.eurosaverhub.com\/se\/contact-us\/#breadcrumb\"},\"inLanguage\":\"en-US\",\"potentialAction\":[{\"@type\":\"ReadAction\",\"target\":[\"https:\/\/www.eurosaverhub.com\/se\/contact-us\/\"]}]},{\"@type\":\"BreadcrumbList\",\"@id\":\"https:\/\/www.eurosaverhub.com\/se\/contact-us\/#breadcrumb\",\"itemListElement\":[{\"@type\":\"ListItem\",\"position\":1,\"name\":\"Home\",\"item\":\"https:\/\/www.eurosaverhub.com\/se\/\"},{\"@type\":\"ListItem\",\"position\":2,\"name\":\"Kontakta oss\"}]},{\"@type\":\"WebSite\",\"@id\":\"https:\/\/www.eurosaverhub.com\/se\/#website\",\"url\":\"https:\/\/www.eurosaverhub.com\/se\/\",\"name\":\"EuroSaverHub SE\",\"description\":\"\",\"potentialAction\":[{\"@type\":\"SearchAction\",\"target\":{\"@type\":\"EntryPoint\",\"urlTemplate\":\"https:\/\/www.eurosaverhub.com\/se\/?s={search_term_string}\"},\"query-input\":{\"@type\":\"PropertyValueSpecification\",\"valueRequired\":true,\"valueName\":\"search_term_string\"}}],\"inLanguage\":\"en-US\"}]}<\/script>\n<!-- \/ Yoast SEO plugin. -->","yoast_head_json":{"title":"Kontakta oss - Kontakta Euro Saver Hub-SE","description":"Har du fr\u00e5gor eller beh\u00f6ver du support? Kontakta Euro Saver Hub-SE f\u00f6r hj\u00e4lp med erbjudanden, koder eller andra fr\u00e5gor.","robots":{"index":"index","follow":"follow","max-snippet":"max-snippet:-1","max-image-preview":"max-image-preview:large","max-video-preview":"max-video-preview:-1"},"canonical":"https:\/\/www.eurosaverhub.com\/se\/contact-us\/","og_locale":"en_US","og_type":"article","og_title":"Kontakta oss - Kontakta Euro Saver Hub-SE","og_description":"Har du fr\u00e5gor eller beh\u00f6ver du support? Kontakta Euro Saver Hub-SE f\u00f6r hj\u00e4lp med erbjudanden, koder eller andra fr\u00e5gor.","og_url":"https:\/\/www.eurosaverhub.com\/se\/contact-us\/","og_site_name":"EuroSaverHub SE","article_modified_time":"2025-11-03T12:42:55+00:00","twitter_card":"summary_large_image","twitter_misc":{"Est. reading time":"1 minute"},"schema":{"@context":"https:\/\/schema.org","@graph":[{"@type":"WebPage","@id":"https:\/\/www.eurosaverhub.com\/se\/contact-us\/","url":"https:\/\/www.eurosaverhub.com\/se\/contact-us\/","name":"Kontakta oss - Kontakta Euro Saver Hub-SE","isPartOf":{"@id":"https:\/\/www.eurosaverhub.com\/se\/#website"},"datePublished":"2024-10-23T08:02:37+00:00","dateModified":"2025-11-03T12:42:55+00:00","description":"Har du fr\u00e5gor eller beh\u00f6ver du support? Kontakta Euro Saver Hub-SE f\u00f6r hj\u00e4lp med erbjudanden, koder eller andra fr\u00e5gor.","breadcrumb":{"@id":"https:\/\/www.eurosaverhub.com\/se\/contact-us\/#breadcrumb"},"inLanguage":"en-US","potentialAction":[{"@type":"ReadAction","target":["https:\/\/www.eurosaverhub.com\/se\/contact-us\/"]}]},{"@type":"BreadcrumbList","@id":"https:\/\/www.eurosaverhub.com\/se\/contact-us\/#breadcrumb","itemListElement":[{"@type":"ListItem","position":1,"name":"Home","item":"https:\/\/www.eurosaverhub.com\/se\/"},{"@type":"ListItem","position":2,"name":"Kontakta oss"}]},{"@type":"WebSite","@id":"https:\/\/www.eurosaverhub.com\/se\/#website","url":"https:\/\/www.eurosaverhub.com\/se\/","name":"EuroSaverHub SE","description":"","potentialAction":[{"@type":"SearchAction","target":{"@type":"EntryPoint","urlTemplate":"https:\/\/www.eurosaverhub.com\/se\/?s={search_term_string}"},"query-input":{"@type":"PropertyValueSpecification","valueRequired":true,"valueName":"search_term_string"}}],"inLanguage":"en-US"}]}},"_links":{"self":[{"href":"https:\/\/www.eurosaverhub.com\/se\/wp-json\/wp\/v2\/pages\/246","targetHints":{"allow":["GET"]}}],"collection":[{"href":"https:\/\/www.eurosaverhub.com\/se\/wp-json\/wp\/v2\/pages"}],"about":[{"href":"https:\/\/www.eurosaverhub.com\/se\/wp-json\/wp\/v2\/types\/page"}],"author":[{"embeddable":true,"href":"https:\/\/www.eurosaverhub.com\/se\/wp-json\/wp\/v2\/users\/1"}],"replies":[{"embeddable":true,"href":"https:\/\/www.eurosaverhub.com\/se\/wp-json\/wp\/v2\/comments?post=246"}],"version-history":[{"count":3,"href":"https:\/\/www.eurosaverhub.com\/se\/wp-json\/wp\/v2\/pages\/246\/revisions"}],"predecessor-version":[{"id":3754,"href":"https:\/\/www.eurosaverhub.com\/se\/wp-json\/wp\/v2\/pages\/246\/revisions\/3754"}],"wp:attachment":[{"href":"https:\/\/www.eurosaverhub.com\/se\/wp-json\/wp\/v2\/media?parent=246"}],"curies":[{"name":"wp","href":"https:\/\/api.w.org\/{rel}","templated":true}]}}