{"id":244,"date":"2024-10-23T08:02:10","date_gmt":"2024-10-23T08:02:10","guid":{"rendered":"https:\/\/www.eurosaverhub.com\/us\/?page_id=244"},"modified":"2025-11-03T12:39:10","modified_gmt":"2025-11-03T12:39:10","slug":"about-us","status":"publish","type":"page","link":"https:\/\/www.eurosaverhub.com\/se\/about-us\/","title":{"rendered":"Om oss"},"content":{"rendered":"<h2>Om Euro Saver Hub: Din pl\u00e5nboks b\u00e4sta v\u00e4n<\/h2>\n<p>Euro Saver Hub \u00e4r den ultimata l\u00f6sningen f\u00f6r alla dina utgifter. Med ett uppdrag att spara varenda krona letar v\u00e5rt dedikerade team av fyndj\u00e4gare efter fantastiska erbjudanden och rabatter f\u00f6r att g\u00f6ra din sparresa mer sp\u00e4nnande. S\u00e5 unna dig dina favoritm\u00e4rken utan att oroa dig f\u00f6r orimliga kostnader.<\/p>\n<h3>Gnistan bakom id\u00e9n:<\/h3>\n<p>Euro Saver Hub vet att varje utgift kommer med en m\u00f6jlighet att spara pengar. Med denna enkla id\u00e9 som grund b\u00f6rjar v\u00e5r historia med att vi hj\u00e4lper kunder att spara mer och spendera klokt utan att offra kvalitet. Vi tror att varje k\u00f6p \u00e4r en chans att spara. Oavsett om du k\u00f6per kl\u00e4der eller elektronik, planerar en resa eller best\u00e4ller middag, vill vi att du ska f\u00e5 ut det mesta f\u00f6r dina pengar.<\/p>\n<h3>Uppdrag:<\/h3>\n<p>Att revolutionera n\u00e4thandel genom att koppla samman konsumenter med de b\u00e4sta erbjudandena och kampanjerna, fr\u00e4mja en kultur av klok spenderande och ekonomiskt sj\u00e4lvf\u00f6rs\u00f6rjande.<\/p>\n<h3>Vision:<\/h3>\n<p>Att vara den sj\u00e4lvklara destinationen f\u00f6r kunder som vill maximera sina besparingar p\u00e5 ett brett utbud av produkter och tj\u00e4nster, vilket s\u00e4kerst\u00e4ller en mer prisv\u00e4rd och trevlig shoppingupplevelse.<\/p>\n<h3>Varf\u00f6r v\u00e4lja Euro Saver Hub?<\/h3>\n<p>Brett utbud av varum\u00e4rken: Vi samarbetar med m\u00e5nga fantastiska butiker och varum\u00e4rken inom en m\u00e4ngd olika f\u00f6retag. Vi har rabatter p\u00e5 allt du beh\u00f6ver, fr\u00e5n kl\u00e4der och elektronik till resor och m\u00e5ltider.<\/p>\n<ul>\n<li><strong>Kvalitetss\u00e4kring<\/strong>: Vi arbetar endast med v\u00e4lrenommerade varum\u00e4rken och butiker f\u00f6r att s\u00e4kerst\u00e4lla att du f\u00e5r produkter och tj\u00e4nster av h\u00f6gsta kvalitet. Din tillfredsst\u00e4llelse \u00e4r av st\u00f6rsta vikt f\u00f6r oss, och vi str\u00e4var efter att ge dig en smidig och trevlig shoppingupplevelse.<\/li>\n<li><strong>Snabb uppdatering<\/strong>: Vi h\u00e5ller v\u00e5ra erbjudanden uppdaterade s\u00e5 att du kan hitta de senaste. Med Euro Saver Hub f\u00e5r du alltid betydande besparingar.<\/li>\n<li><strong>Anv\u00e4ndarv\u00e4nlig plattform<\/strong>: Det \u00e4r v\u00e4ldigt enkelt att anv\u00e4nda Euro Saver Hub. V\u00e5r webbplats och app \u00e4r enkla att anv\u00e4nda, s\u00e5 det \u00e4r inga problem att hitta och anv\u00e4nda kuponger och erbjudanden.<\/li>\n<\/ul>\n<p><em>Bli en del av Euro Saver Hub-communityn<\/em><\/p>\n<p>Vi \u00e4r inte bara en plats f\u00f6r att spara pengar; vi \u00e4r en grupp m\u00e4nniskor som \u00e4lskar att hitta bra erbjudanden. F\u00f6lj oss p\u00e5 sociala medier och g\u00e5 med i v\u00e5r community. Dela dina erfarenheter, hitta nya rabatter och hj\u00e4lp andra att spara.<\/p>\n<p>Tack f\u00f6r att du valde Euro Saver Hub f\u00f6r att hj\u00e4lpa dig spara. Vi ser fram emot att hj\u00e4lpa dig spara pengar och leva ett bra liv, ett erbjudande i taget.<\/p>\n<p><strong>Lycka till med att spara!<\/strong><\/p>\n","protected":false},"excerpt":{"rendered":"<p>Om Euro Saver Hub: Din pl\u00e5nboks b\u00e4sta v\u00e4n Euro Saver Hub \u00e4r den ultimata l\u00f6sningen f\u00f6r alla dina utgifter. Med ett uppdrag att spara varenda krona letar v\u00e5rt dedikerade team av fyndj\u00e4gare efter fantastiska erbjudanden och rabatter f\u00f6r att g\u00f6ra din sparresa mer sp\u00e4nnande. S\u00e5 unna dig dina favoritm\u00e4rken utan att oroa dig f\u00f6r orimliga [&hellip;]<\/p>\n","protected":false},"author":1,"featured_media":0,"parent":0,"menu_order":0,"comment_status":"closed","ping_status":"closed","template":"pages\/pages-template.php","meta":{"_acf_changed":false,"footnotes":""},"class_list":["post-244","page","type-page","status-publish","hentry"],"acf":[],"yoast_head":"<!-- This site is optimized with the Yoast SEO plugin v26.2 - https:\/\/yoast.com\/wordpress\/plugins\/seo\/ -->\n<title>Om oss - L\u00e4s mer om EuroSaverHub SE<\/title>\n<meta name=\"description\" content=\"Uppt\u00e4ck EuroSaverHub SE \u2013 din betrodda plattform f\u00f6r verifierade rabattkoder, erbjudanden och besparingar fr\u00e5n ledande varum\u00e4rken i Europa.\" \/>\n<meta name=\"robots\" content=\"index, follow, max-snippet:-1, max-image-preview:large, max-video-preview:-1\" \/>\n<link rel=\"canonical\" href=\"https:\/\/www.eurosaverhub.com\/se\/about-us\/\" \/>\n<meta property=\"og:locale\" content=\"en_US\" \/>\n<meta property=\"og:type\" content=\"article\" \/>\n<meta property=\"og:title\" content=\"Om oss - L\u00e4s mer om EuroSaverHub SE\" \/>\n<meta property=\"og:description\" content=\"Uppt\u00e4ck EuroSaverHub SE \u2013 din betrodda plattform f\u00f6r verifierade rabattkoder, erbjudanden och besparingar fr\u00e5n ledande varum\u00e4rken i Europa.\" \/>\n<meta property=\"og:url\" content=\"https:\/\/www.eurosaverhub.com\/se\/about-us\/\" \/>\n<meta property=\"og:site_name\" content=\"EuroSaverHub SE\" \/>\n<meta property=\"article:modified_time\" content=\"2025-11-03T12:39:10+00:00\" \/>\n<meta name=\"twitter:card\" content=\"summary_large_image\" \/>\n<meta name=\"twitter:label1\" content=\"Est. reading time\" \/>\n\t<meta name=\"twitter:data1\" content=\"2 minutes\" \/>\n<script type=\"application\/ld+json\" class=\"yoast-schema-graph\">{\"@context\":\"https:\/\/schema.org\",\"@graph\":[{\"@type\":\"WebPage\",\"@id\":\"https:\/\/www.eurosaverhub.com\/se\/about-us\/\",\"url\":\"https:\/\/www.eurosaverhub.com\/se\/about-us\/\",\"name\":\"Om oss - L\u00e4s mer om EuroSaverHub SE\",\"isPartOf\":{\"@id\":\"https:\/\/www.eurosaverhub.com\/se\/#website\"},\"datePublished\":\"2024-10-23T08:02:10+00:00\",\"dateModified\":\"2025-11-03T12:39:10+00:00\",\"description\":\"Uppt\u00e4ck EuroSaverHub SE \u2013 din betrodda plattform f\u00f6r verifierade rabattkoder, erbjudanden och besparingar fr\u00e5n ledande varum\u00e4rken i Europa.\",\"breadcrumb\":{\"@id\":\"https:\/\/www.eurosaverhub.com\/se\/about-us\/#breadcrumb\"},\"inLanguage\":\"en-US\",\"potentialAction\":[{\"@type\":\"ReadAction\",\"target\":[\"https:\/\/www.eurosaverhub.com\/se\/about-us\/\"]}]},{\"@type\":\"BreadcrumbList\",\"@id\":\"https:\/\/www.eurosaverhub.com\/se\/about-us\/#breadcrumb\",\"itemListElement\":[{\"@type\":\"ListItem\",\"position\":1,\"name\":\"Home\",\"item\":\"https:\/\/www.eurosaverhub.com\/se\/\"},{\"@type\":\"ListItem\",\"position\":2,\"name\":\"Om oss\"}]},{\"@type\":\"WebSite\",\"@id\":\"https:\/\/www.eurosaverhub.com\/se\/#website\",\"url\":\"https:\/\/www.eurosaverhub.com\/se\/\",\"name\":\"EuroSaverHub SE\",\"description\":\"\",\"potentialAction\":[{\"@type\":\"SearchAction\",\"target\":{\"@type\":\"EntryPoint\",\"urlTemplate\":\"https:\/\/www.eurosaverhub.com\/se\/?s={search_term_string}\"},\"query-input\":{\"@type\":\"PropertyValueSpecification\",\"valueRequired\":true,\"valueName\":\"search_term_string\"}}],\"inLanguage\":\"en-US\"}]}<\/script>\n<!-- \/ Yoast SEO plugin. -->","yoast_head_json":{"title":"Om oss - L\u00e4s mer om EuroSaverHub SE","description":"Uppt\u00e4ck EuroSaverHub SE \u2013 din betrodda plattform f\u00f6r verifierade rabattkoder, erbjudanden och besparingar fr\u00e5n ledande varum\u00e4rken i Europa.","robots":{"index":"index","follow":"follow","max-snippet":"max-snippet:-1","max-image-preview":"max-image-preview:large","max-video-preview":"max-video-preview:-1"},"canonical":"https:\/\/www.eurosaverhub.com\/se\/about-us\/","og_locale":"en_US","og_type":"article","og_title":"Om oss - L\u00e4s mer om EuroSaverHub SE","og_description":"Uppt\u00e4ck EuroSaverHub SE \u2013 din betrodda plattform f\u00f6r verifierade rabattkoder, erbjudanden och besparingar fr\u00e5n ledande varum\u00e4rken i Europa.","og_url":"https:\/\/www.eurosaverhub.com\/se\/about-us\/","og_site_name":"EuroSaverHub SE","article_modified_time":"2025-11-03T12:39:10+00:00","twitter_card":"summary_large_image","twitter_misc":{"Est. reading time":"2 minutes"},"schema":{"@context":"https:\/\/schema.org","@graph":[{"@type":"WebPage","@id":"https:\/\/www.eurosaverhub.com\/se\/about-us\/","url":"https:\/\/www.eurosaverhub.com\/se\/about-us\/","name":"Om oss - L\u00e4s mer om EuroSaverHub SE","isPartOf":{"@id":"https:\/\/www.eurosaverhub.com\/se\/#website"},"datePublished":"2024-10-23T08:02:10+00:00","dateModified":"2025-11-03T12:39:10+00:00","description":"Uppt\u00e4ck EuroSaverHub SE \u2013 din betrodda plattform f\u00f6r verifierade rabattkoder, erbjudanden och besparingar fr\u00e5n ledande varum\u00e4rken i Europa.","breadcrumb":{"@id":"https:\/\/www.eurosaverhub.com\/se\/about-us\/#breadcrumb"},"inLanguage":"en-US","potentialAction":[{"@type":"ReadAction","target":["https:\/\/www.eurosaverhub.com\/se\/about-us\/"]}]},{"@type":"BreadcrumbList","@id":"https:\/\/www.eurosaverhub.com\/se\/about-us\/#breadcrumb","itemListElement":[{"@type":"ListItem","position":1,"name":"Home","item":"https:\/\/www.eurosaverhub.com\/se\/"},{"@type":"ListItem","position":2,"name":"Om oss"}]},{"@type":"WebSite","@id":"https:\/\/www.eurosaverhub.com\/se\/#website","url":"https:\/\/www.eurosaverhub.com\/se\/","name":"EuroSaverHub SE","description":"","potentialAction":[{"@type":"SearchAction","target":{"@type":"EntryPoint","urlTemplate":"https:\/\/www.eurosaverhub.com\/se\/?s={search_term_string}"},"query-input":{"@type":"PropertyValueSpecification","valueRequired":true,"valueName":"search_term_string"}}],"inLanguage":"en-US"}]}},"_links":{"self":[{"href":"https:\/\/www.eurosaverhub.com\/se\/wp-json\/wp\/v2\/pages\/244","targetHints":{"allow":["GET"]}}],"collection":[{"href":"https:\/\/www.eurosaverhub.com\/se\/wp-json\/wp\/v2\/pages"}],"about":[{"href":"https:\/\/www.eurosaverhub.com\/se\/wp-json\/wp\/v2\/types\/page"}],"author":[{"embeddable":true,"href":"https:\/\/www.eurosaverhub.com\/se\/wp-json\/wp\/v2\/users\/1"}],"replies":[{"embeddable":true,"href":"https:\/\/www.eurosaverhub.com\/se\/wp-json\/wp\/v2\/comments?post=244"}],"version-history":[{"count":3,"href":"https:\/\/www.eurosaverhub.com\/se\/wp-json\/wp\/v2\/pages\/244\/revisions"}],"predecessor-version":[{"id":3749,"href":"https:\/\/www.eurosaverhub.com\/se\/wp-json\/wp\/v2\/pages\/244\/revisions\/3749"}],"wp:attachment":[{"href":"https:\/\/www.eurosaverhub.com\/se\/wp-json\/wp\/v2\/media?parent=244"}],"curies":[{"name":"wp","href":"https:\/\/api.w.org\/{rel}","templated":true}]}}