{"id":246,"date":"2024-10-23T08:02:37","date_gmt":"2024-10-23T08:02:37","guid":{"rendered":"https:\/\/www.eurosaverhub.com\/us\/?page_id=246"},"modified":"2025-11-03T12:47:10","modified_gmt":"2025-11-03T12:47:10","slug":"contact-us","status":"publish","type":"page","link":"https:\/\/www.eurosaverhub.com\/pt\/contact-us\/","title":{"rendered":"Contate-nos"},"content":{"rendered":"<h2>Contate-nos<\/h2>\n<p>Tem alguma d\u00favida? Sinta-se \u00e0 vontade para nos enviar uma mensagem aqui!<\/p>\n","protected":false},"excerpt":{"rendered":"<p>Contate-nos Tem alguma d\u00favida? Sinta-se \u00e0 vontade para nos enviar uma mensagem aqui!<\/p>\n","protected":false},"author":1,"featured_media":0,"parent":0,"menu_order":0,"comment_status":"closed","ping_status":"closed","template":"pages\/pages-template.php","meta":{"_acf_changed":false,"footnotes":""},"class_list":["post-246","page","type-page","status-publish","hentry"],"acf":[],"yoast_head":"<!-- This site is optimized with the Yoast SEO plugin v26.2 - https:\/\/yoast.com\/wordpress\/plugins\/seo\/ -->\n<title>Contate-nos - Entre em contato com o Euro Saver Hub-PT<\/title>\n<meta name=\"description\" content=\"Tem d\u00favidas ou precisa de ajuda? Entre em contato com a Euro Saver Hub-PT para obter assist\u00eancia com ofertas, c\u00f3digos ou qualquer outra quest\u00e3o.\" \/>\n<meta name=\"robots\" content=\"index, follow, max-snippet:-1, max-image-preview:large, max-video-preview:-1\" \/>\n<link rel=\"canonical\" href=\"https:\/\/www.eurosaverhub.com\/pt\/contact-us\/\" \/>\n<meta property=\"og:locale\" content=\"en_US\" \/>\n<meta property=\"og:type\" content=\"article\" \/>\n<meta property=\"og:title\" content=\"Contate-nos - Entre em contato com o Euro Saver Hub-PT\" \/>\n<meta property=\"og:description\" content=\"Tem d\u00favidas ou precisa de ajuda? Entre em contato com a Euro Saver Hub-PT para obter assist\u00eancia com ofertas, c\u00f3digos ou qualquer outra quest\u00e3o.\" \/>\n<meta property=\"og:url\" content=\"https:\/\/www.eurosaverhub.com\/pt\/contact-us\/\" \/>\n<meta property=\"og:site_name\" content=\"EuroSaverHub PT\" \/>\n<meta property=\"article:modified_time\" content=\"2025-11-03T12:47:10+00:00\" \/>\n<meta name=\"twitter:card\" content=\"summary_large_image\" \/>\n<meta name=\"twitter:label1\" content=\"Est. reading time\" \/>\n\t<meta name=\"twitter:data1\" content=\"1 minute\" \/>\n<script type=\"application\/ld+json\" class=\"yoast-schema-graph\">{\"@context\":\"https:\/\/schema.org\",\"@graph\":[{\"@type\":\"WebPage\",\"@id\":\"https:\/\/www.eurosaverhub.com\/pt\/contact-us\/\",\"url\":\"https:\/\/www.eurosaverhub.com\/pt\/contact-us\/\",\"name\":\"Contate-nos - Entre em contato com o Euro Saver Hub-PT\",\"isPartOf\":{\"@id\":\"https:\/\/www.eurosaverhub.com\/pt\/#website\"},\"datePublished\":\"2024-10-23T08:02:37+00:00\",\"dateModified\":\"2025-11-03T12:47:10+00:00\",\"description\":\"Tem d\u00favidas ou precisa de ajuda? Entre em contato com a Euro Saver Hub-PT para obter assist\u00eancia com ofertas, c\u00f3digos ou qualquer outra quest\u00e3o.\",\"breadcrumb\":{\"@id\":\"https:\/\/www.eurosaverhub.com\/pt\/contact-us\/#breadcrumb\"},\"inLanguage\":\"en-US\",\"potentialAction\":[{\"@type\":\"ReadAction\",\"target\":[\"https:\/\/www.eurosaverhub.com\/pt\/contact-us\/\"]}]},{\"@type\":\"BreadcrumbList\",\"@id\":\"https:\/\/www.eurosaverhub.com\/pt\/contact-us\/#breadcrumb\",\"itemListElement\":[{\"@type\":\"ListItem\",\"position\":1,\"name\":\"Home\",\"item\":\"https:\/\/www.eurosaverhub.com\/pt\/\"},{\"@type\":\"ListItem\",\"position\":2,\"name\":\"Contate-nos\"}]},{\"@type\":\"WebSite\",\"@id\":\"https:\/\/www.eurosaverhub.com\/pt\/#website\",\"url\":\"https:\/\/www.eurosaverhub.com\/pt\/\",\"name\":\"EuroSaverHub PT\",\"description\":\"\",\"potentialAction\":[{\"@type\":\"SearchAction\",\"target\":{\"@type\":\"EntryPoint\",\"urlTemplate\":\"https:\/\/www.eurosaverhub.com\/pt\/?s={search_term_string}\"},\"query-input\":{\"@type\":\"PropertyValueSpecification\",\"valueRequired\":true,\"valueName\":\"search_term_string\"}}],\"inLanguage\":\"en-US\"}]}<\/script>\n<!-- \/ Yoast SEO plugin. -->","yoast_head_json":{"title":"Contate-nos - Entre em contato com o Euro Saver Hub-PT","description":"Tem d\u00favidas ou precisa de ajuda? Entre em contato com a Euro Saver Hub-PT para obter assist\u00eancia com ofertas, c\u00f3digos ou qualquer outra quest\u00e3o.","robots":{"index":"index","follow":"follow","max-snippet":"max-snippet:-1","max-image-preview":"max-image-preview:large","max-video-preview":"max-video-preview:-1"},"canonical":"https:\/\/www.eurosaverhub.com\/pt\/contact-us\/","og_locale":"en_US","og_type":"article","og_title":"Contate-nos - Entre em contato com o Euro Saver Hub-PT","og_description":"Tem d\u00favidas ou precisa de ajuda? Entre em contato com a Euro Saver Hub-PT para obter assist\u00eancia com ofertas, c\u00f3digos ou qualquer outra quest\u00e3o.","og_url":"https:\/\/www.eurosaverhub.com\/pt\/contact-us\/","og_site_name":"EuroSaverHub PT","article_modified_time":"2025-11-03T12:47:10+00:00","twitter_card":"summary_large_image","twitter_misc":{"Est. reading time":"1 minute"},"schema":{"@context":"https:\/\/schema.org","@graph":[{"@type":"WebPage","@id":"https:\/\/www.eurosaverhub.com\/pt\/contact-us\/","url":"https:\/\/www.eurosaverhub.com\/pt\/contact-us\/","name":"Contate-nos - Entre em contato com o Euro Saver Hub-PT","isPartOf":{"@id":"https:\/\/www.eurosaverhub.com\/pt\/#website"},"datePublished":"2024-10-23T08:02:37+00:00","dateModified":"2025-11-03T12:47:10+00:00","description":"Tem d\u00favidas ou precisa de ajuda? Entre em contato com a Euro Saver Hub-PT para obter assist\u00eancia com ofertas, c\u00f3digos ou qualquer outra quest\u00e3o.","breadcrumb":{"@id":"https:\/\/www.eurosaverhub.com\/pt\/contact-us\/#breadcrumb"},"inLanguage":"en-US","potentialAction":[{"@type":"ReadAction","target":["https:\/\/www.eurosaverhub.com\/pt\/contact-us\/"]}]},{"@type":"BreadcrumbList","@id":"https:\/\/www.eurosaverhub.com\/pt\/contact-us\/#breadcrumb","itemListElement":[{"@type":"ListItem","position":1,"name":"Home","item":"https:\/\/www.eurosaverhub.com\/pt\/"},{"@type":"ListItem","position":2,"name":"Contate-nos"}]},{"@type":"WebSite","@id":"https:\/\/www.eurosaverhub.com\/pt\/#website","url":"https:\/\/www.eurosaverhub.com\/pt\/","name":"EuroSaverHub PT","description":"","potentialAction":[{"@type":"SearchAction","target":{"@type":"EntryPoint","urlTemplate":"https:\/\/www.eurosaverhub.com\/pt\/?s={search_term_string}"},"query-input":{"@type":"PropertyValueSpecification","valueRequired":true,"valueName":"search_term_string"}}],"inLanguage":"en-US"}]}},"_links":{"self":[{"href":"https:\/\/www.eurosaverhub.com\/pt\/wp-json\/wp\/v2\/pages\/246","targetHints":{"allow":["GET"]}}],"collection":[{"href":"https:\/\/www.eurosaverhub.com\/pt\/wp-json\/wp\/v2\/pages"}],"about":[{"href":"https:\/\/www.eurosaverhub.com\/pt\/wp-json\/wp\/v2\/types\/page"}],"author":[{"embeddable":true,"href":"https:\/\/www.eurosaverhub.com\/pt\/wp-json\/wp\/v2\/users\/1"}],"replies":[{"embeddable":true,"href":"https:\/\/www.eurosaverhub.com\/pt\/wp-json\/wp\/v2\/comments?post=246"}],"version-history":[{"count":3,"href":"https:\/\/www.eurosaverhub.com\/pt\/wp-json\/wp\/v2\/pages\/246\/revisions"}],"predecessor-version":[{"id":3745,"href":"https:\/\/www.eurosaverhub.com\/pt\/wp-json\/wp\/v2\/pages\/246\/revisions\/3745"}],"wp:attachment":[{"href":"https:\/\/www.eurosaverhub.com\/pt\/wp-json\/wp\/v2\/media?parent=246"}],"curies":[{"name":"wp","href":"https:\/\/api.w.org\/{rel}","templated":true}]}}