{"id":244,"date":"2024-10-23T08:02:10","date_gmt":"2024-10-23T08:02:10","guid":{"rendered":"https:\/\/www.eurosaverhub.com\/us\/?page_id=244"},"modified":"2025-11-03T12:45:45","modified_gmt":"2025-11-03T12:45:45","slug":"about-us","status":"publish","type":"page","link":"https:\/\/www.eurosaverhub.com\/pt\/about-us\/","title":{"rendered":"Sobre n\u00f3s"},"content":{"rendered":"<h2>Sobre o Euro Saver Hub: O Melhor Amigo da Sua Carteira<\/h2>\n<p>O Euro Saver Hub \u00e9 a solu\u00e7\u00e3o definitiva para todas as suas despesas. Com a miss\u00e3o de economizar cada centavo, nossa equipe dedicada de ca\u00e7adores de ofertas encontra promo\u00e7\u00f5es e descontos fant\u00e1sticos para tornar sua jornada de economia ainda mais empolgante. Ent\u00e3o, aproveite suas marcas favoritas sem se preocupar com custos excessivos.<\/p>\n<h3>A ideia por tr\u00e1s da compra:<\/h3>\n<p>A Euro Saver Hub sabe que toda despesa representa uma oportunidade de economizar. Partindo dessa premissa simples, nossa hist\u00f3ria come\u00e7a com o objetivo de ajudar os consumidores a economizar mais e gastar com sabedoria, sem abrir m\u00e3o da qualidade. Acreditamos que cada compra \u00e9 uma chance de economizar. Seja comprando roupas ou eletr\u00f4nicos, planejando uma viagem ou pedindo comida para o jantar, queremos que voc\u00ea aproveite ao m\u00e1ximo o seu dinheiro.<\/p>\n<h3>Miss\u00e3o:<\/h3>\n<p>Revolucionar as compras online, conectando os consumidores \u00e0s melhores ofertas e promo\u00e7\u00f5es, fomentando uma cultura de consumo consciente e de empoderamento financeiro.<\/p>\n<h3>Vis\u00e3o:<\/h3>\n<p>Ser o destino preferido dos compradores que buscam maximizar suas economias em uma ampla gama de produtos e servi\u00e7os, garantindo uma experi\u00eancia de compra mais acess\u00edvel e agrad\u00e1vel.<\/p>\n<h3>Por que escolher o Euro Saver Hub?<\/h3>\n<p>Grande variedade de marcas: Trabalhamos com muitas lojas e marcas excelentes em diversos setores. Temos descontos em tudo o que voc\u00ea precisa, de roupas e eletr\u00f4nicos a viagens e refei\u00e7\u00f5es.<\/p>\n<ul>\n<li><strong>Garantia de Qualidade<\/strong>: Trabalhamos apenas com marcas e lojas conceituadas para que voc\u00ea receba produtos e servi\u00e7os da mais alta qualidade. Sua satisfa\u00e7\u00e3o \u00e9 fundamental para n\u00f3s e nos esfor\u00e7amos para proporcionar uma experi\u00eancia de compra tranquila e agrad\u00e1vel.<\/li>\n<li><strong>Atualiza\u00e7\u00f5es em Tempo Real<\/strong>: Mantemos nossas ofertas sempre atualizadas para que voc\u00ea encontre as mais recentes. Com o Euro Saver Hub, voc\u00ea sempre ter\u00e1 descontos significativos.<\/li>\n<li><strong>Plataforma Intuitiva<\/strong>: Usar o Euro Saver Hub \u00e9 muito f\u00e1cil. Nosso site e aplicativo s\u00e3o simples de usar, ent\u00e3o encontrar e aplicar cupons e ofertas n\u00e3o \u00e9 problema.<\/li>\n<\/ul>\n<p>Fa\u00e7a parte da comunidade do Euro Saver Hub.<\/p>\n<p>N\u00e3o somos apenas um lugar para economizar dinheiro; somos um grupo de pessoas que adoram encontrar boas ofertas. Siga-nos nas redes sociais e junte-se \u00e0 nossa comunidade. Compartilhe suas experi\u00eancias, encontre novos descontos e ajude outras pessoas a economizar.<\/p>\n<p>Obrigado por escolher o Euro Saver Hub para te ajudar a economizar. Estamos ansiosos para te ajudar a economizar dinheiro e viver uma vida melhor, com uma oferta de cada vez.<\/p>\n<p><strong>Feliz economia!<\/strong><\/p>\n","protected":false},"excerpt":{"rendered":"<p>Sobre o Euro Saver Hub: O Melhor Amigo da Sua Carteira O Euro Saver Hub \u00e9 a solu\u00e7\u00e3o definitiva para todas as suas despesas. Com a miss\u00e3o de economizar cada centavo, nossa equipe dedicada de ca\u00e7adores de ofertas encontra promo\u00e7\u00f5es e descontos fant\u00e1sticos para tornar sua jornada de economia ainda mais empolgante. Ent\u00e3o, aproveite suas [&hellip;]<\/p>\n","protected":false},"author":1,"featured_media":0,"parent":0,"menu_order":0,"comment_status":"closed","ping_status":"closed","template":"pages\/pages-template.php","meta":{"_acf_changed":false,"footnotes":""},"class_list":["post-244","page","type-page","status-publish","hentry"],"acf":[],"yoast_head":"<!-- This site is optimized with the Yoast SEO plugin v26.2 - https:\/\/yoast.com\/wordpress\/plugins\/seo\/ -->\n<title>Sobre n\u00f3s - Saiba mais sobre o EuroSaverHub PT<\/title>\n<meta name=\"description\" content=\"Descubra o EuroSaverHub-PT, sua plataforma confi\u00e1vel para c\u00f3digos de desconto, ofertas e economias verificadas das principais marcas em Portugal.\" \/>\n<meta name=\"robots\" content=\"index, follow, max-snippet:-1, max-image-preview:large, max-video-preview:-1\" \/>\n<link rel=\"canonical\" href=\"https:\/\/www.eurosaverhub.com\/pt\/about-us\/\" \/>\n<meta property=\"og:locale\" content=\"en_US\" \/>\n<meta property=\"og:type\" content=\"article\" \/>\n<meta property=\"og:title\" content=\"Sobre n\u00f3s - Saiba mais sobre o EuroSaverHub PT\" \/>\n<meta property=\"og:description\" content=\"Descubra o EuroSaverHub-PT, sua plataforma confi\u00e1vel para c\u00f3digos de desconto, ofertas e economias verificadas das principais marcas em Portugal.\" \/>\n<meta property=\"og:url\" content=\"https:\/\/www.eurosaverhub.com\/pt\/about-us\/\" \/>\n<meta property=\"og:site_name\" content=\"EuroSaverHub PT\" \/>\n<meta property=\"article:modified_time\" content=\"2025-11-03T12:45:45+00:00\" \/>\n<meta name=\"twitter:card\" content=\"summary_large_image\" \/>\n<meta name=\"twitter:label1\" content=\"Est. reading time\" \/>\n\t<meta name=\"twitter:data1\" content=\"2 minutes\" \/>\n<script type=\"application\/ld+json\" class=\"yoast-schema-graph\">{\"@context\":\"https:\/\/schema.org\",\"@graph\":[{\"@type\":\"WebPage\",\"@id\":\"https:\/\/www.eurosaverhub.com\/pt\/about-us\/\",\"url\":\"https:\/\/www.eurosaverhub.com\/pt\/about-us\/\",\"name\":\"Sobre n\u00f3s - Saiba mais sobre o EuroSaverHub PT\",\"isPartOf\":{\"@id\":\"https:\/\/www.eurosaverhub.com\/pt\/#website\"},\"datePublished\":\"2024-10-23T08:02:10+00:00\",\"dateModified\":\"2025-11-03T12:45:45+00:00\",\"description\":\"Descubra o EuroSaverHub-PT, sua plataforma confi\u00e1vel para c\u00f3digos de desconto, ofertas e economias verificadas das principais marcas em Portugal.\",\"breadcrumb\":{\"@id\":\"https:\/\/www.eurosaverhub.com\/pt\/about-us\/#breadcrumb\"},\"inLanguage\":\"en-US\",\"potentialAction\":[{\"@type\":\"ReadAction\",\"target\":[\"https:\/\/www.eurosaverhub.com\/pt\/about-us\/\"]}]},{\"@type\":\"BreadcrumbList\",\"@id\":\"https:\/\/www.eurosaverhub.com\/pt\/about-us\/#breadcrumb\",\"itemListElement\":[{\"@type\":\"ListItem\",\"position\":1,\"name\":\"Home\",\"item\":\"https:\/\/www.eurosaverhub.com\/pt\/\"},{\"@type\":\"ListItem\",\"position\":2,\"name\":\"Sobre n\u00f3s\"}]},{\"@type\":\"WebSite\",\"@id\":\"https:\/\/www.eurosaverhub.com\/pt\/#website\",\"url\":\"https:\/\/www.eurosaverhub.com\/pt\/\",\"name\":\"EuroSaverHub PT\",\"description\":\"\",\"potentialAction\":[{\"@type\":\"SearchAction\",\"target\":{\"@type\":\"EntryPoint\",\"urlTemplate\":\"https:\/\/www.eurosaverhub.com\/pt\/?s={search_term_string}\"},\"query-input\":{\"@type\":\"PropertyValueSpecification\",\"valueRequired\":true,\"valueName\":\"search_term_string\"}}],\"inLanguage\":\"en-US\"}]}<\/script>\n<!-- \/ Yoast SEO plugin. -->","yoast_head_json":{"title":"Sobre n\u00f3s - Saiba mais sobre o EuroSaverHub PT","description":"Descubra o EuroSaverHub-PT, sua plataforma confi\u00e1vel para c\u00f3digos de desconto, ofertas e economias verificadas das principais marcas em Portugal.","robots":{"index":"index","follow":"follow","max-snippet":"max-snippet:-1","max-image-preview":"max-image-preview:large","max-video-preview":"max-video-preview:-1"},"canonical":"https:\/\/www.eurosaverhub.com\/pt\/about-us\/","og_locale":"en_US","og_type":"article","og_title":"Sobre n\u00f3s - Saiba mais sobre o EuroSaverHub PT","og_description":"Descubra o EuroSaverHub-PT, sua plataforma confi\u00e1vel para c\u00f3digos de desconto, ofertas e economias verificadas das principais marcas em Portugal.","og_url":"https:\/\/www.eurosaverhub.com\/pt\/about-us\/","og_site_name":"EuroSaverHub PT","article_modified_time":"2025-11-03T12:45:45+00:00","twitter_card":"summary_large_image","twitter_misc":{"Est. reading time":"2 minutes"},"schema":{"@context":"https:\/\/schema.org","@graph":[{"@type":"WebPage","@id":"https:\/\/www.eurosaverhub.com\/pt\/about-us\/","url":"https:\/\/www.eurosaverhub.com\/pt\/about-us\/","name":"Sobre n\u00f3s - Saiba mais sobre o EuroSaverHub PT","isPartOf":{"@id":"https:\/\/www.eurosaverhub.com\/pt\/#website"},"datePublished":"2024-10-23T08:02:10+00:00","dateModified":"2025-11-03T12:45:45+00:00","description":"Descubra o EuroSaverHub-PT, sua plataforma confi\u00e1vel para c\u00f3digos de desconto, ofertas e economias verificadas das principais marcas em Portugal.","breadcrumb":{"@id":"https:\/\/www.eurosaverhub.com\/pt\/about-us\/#breadcrumb"},"inLanguage":"en-US","potentialAction":[{"@type":"ReadAction","target":["https:\/\/www.eurosaverhub.com\/pt\/about-us\/"]}]},{"@type":"BreadcrumbList","@id":"https:\/\/www.eurosaverhub.com\/pt\/about-us\/#breadcrumb","itemListElement":[{"@type":"ListItem","position":1,"name":"Home","item":"https:\/\/www.eurosaverhub.com\/pt\/"},{"@type":"ListItem","position":2,"name":"Sobre n\u00f3s"}]},{"@type":"WebSite","@id":"https:\/\/www.eurosaverhub.com\/pt\/#website","url":"https:\/\/www.eurosaverhub.com\/pt\/","name":"EuroSaverHub PT","description":"","potentialAction":[{"@type":"SearchAction","target":{"@type":"EntryPoint","urlTemplate":"https:\/\/www.eurosaverhub.com\/pt\/?s={search_term_string}"},"query-input":{"@type":"PropertyValueSpecification","valueRequired":true,"valueName":"search_term_string"}}],"inLanguage":"en-US"}]}},"_links":{"self":[{"href":"https:\/\/www.eurosaverhub.com\/pt\/wp-json\/wp\/v2\/pages\/244","targetHints":{"allow":["GET"]}}],"collection":[{"href":"https:\/\/www.eurosaverhub.com\/pt\/wp-json\/wp\/v2\/pages"}],"about":[{"href":"https:\/\/www.eurosaverhub.com\/pt\/wp-json\/wp\/v2\/types\/page"}],"author":[{"embeddable":true,"href":"https:\/\/www.eurosaverhub.com\/pt\/wp-json\/wp\/v2\/users\/1"}],"replies":[{"embeddable":true,"href":"https:\/\/www.eurosaverhub.com\/pt\/wp-json\/wp\/v2\/comments?post=244"}],"version-history":[{"count":3,"href":"https:\/\/www.eurosaverhub.com\/pt\/wp-json\/wp\/v2\/pages\/244\/revisions"}],"predecessor-version":[{"id":3740,"href":"https:\/\/www.eurosaverhub.com\/pt\/wp-json\/wp\/v2\/pages\/244\/revisions\/3740"}],"wp:attachment":[{"href":"https:\/\/www.eurosaverhub.com\/pt\/wp-json\/wp\/v2\/media?parent=244"}],"curies":[{"name":"wp","href":"https:\/\/api.w.org\/{rel}","templated":true}]}}