{"id":734,"date":"2024-10-24T11:03:58","date_gmt":"2024-10-24T11:03:58","guid":{"rendered":"https:\/\/www.eurosaverhub.com\/us\/?page_id=734"},"modified":"2025-10-31T12:55:14","modified_gmt":"2025-10-31T12:55:14","slug":"faqs","status":"publish","type":"page","link":"https:\/\/www.eurosaverhub.com\/fr\/faqs\/","title":{"rendered":"FAQs"},"content":{"rendered":"<h2>Foire aux questions<\/h2>\n<p>Bienvenue sur Euro Saver Hub ! Nous sommes l\u00e0 pour r\u00e9pondre \u00e0 vos questions les plus fr\u00e9quentes sur notre plateforme et sur l\u2019univers passionnant des offres imbattables. Si vous ne trouvez toujours pas ce que vous cherchez, n\u2019h\u00e9sitez pas \u00e0 contacter notre \u00e9quipe d\u2019assistance, toujours pr\u00eate \u00e0 vous aider.<\/p>\n","protected":false},"excerpt":{"rendered":"<p>Foire aux questions Bienvenue sur Euro Saver Hub ! Nous sommes l\u00e0 pour r\u00e9pondre \u00e0 vos questions les plus fr\u00e9quentes sur notre plateforme et sur l\u2019univers passionnant des offres imbattables. Si vous ne trouvez toujours pas ce que vous cherchez, n\u2019h\u00e9sitez pas \u00e0 contacter notre \u00e9quipe d\u2019assistance, toujours pr\u00eate \u00e0 vous aider.<\/p>\n","protected":false},"author":1,"featured_media":0,"parent":0,"menu_order":0,"comment_status":"closed","ping_status":"closed","template":"pages\/faqs.php","meta":{"_acf_changed":false,"footnotes":""},"class_list":["post-734","page","type-page","status-publish","hentry"],"acf":[],"yoast_head":"<!-- This site is optimized with the Yoast SEO plugin v26.2 - https:\/\/yoast.com\/wordpress\/plugins\/seo\/ -->\n<title>Foire aux questions | Euro Saver Hub-FR<\/title>\n<meta name=\"description\" content=\"Vous trouverez les r\u00e9ponses aux questions fr\u00e9quentes concernant Euro Saver Hub-FR, les codes de r\u00e9duction, les offres et nos services dans notre FAQ.\" \/>\n<meta name=\"robots\" content=\"index, follow, max-snippet:-1, max-image-preview:large, max-video-preview:-1\" \/>\n<link rel=\"canonical\" href=\"https:\/\/www.eurosaverhub.com\/fr\/faqs\/\" \/>\n<meta property=\"og:locale\" content=\"en_US\" \/>\n<meta property=\"og:type\" content=\"article\" \/>\n<meta property=\"og:title\" content=\"Foire aux questions | Euro Saver Hub-FR\" \/>\n<meta property=\"og:description\" content=\"Vous trouverez les r\u00e9ponses aux questions fr\u00e9quentes concernant Euro Saver Hub-FR, les codes de r\u00e9duction, les offres et nos services dans notre FAQ.\" \/>\n<meta property=\"og:url\" content=\"https:\/\/www.eurosaverhub.com\/fr\/faqs\/\" \/>\n<meta property=\"og:site_name\" content=\"EuroSaverHub FR\" \/>\n<meta property=\"article:modified_time\" content=\"2025-10-31T12:55:14+00:00\" \/>\n<meta name=\"twitter:card\" content=\"summary_large_image\" \/>\n<meta name=\"twitter:label1\" content=\"Est. reading time\" \/>\n\t<meta name=\"twitter:data1\" content=\"1 minute\" \/>\n<script type=\"application\/ld+json\" class=\"yoast-schema-graph\">{\"@context\":\"https:\/\/schema.org\",\"@graph\":[{\"@type\":\"WebPage\",\"@id\":\"https:\/\/www.eurosaverhub.com\/fr\/faqs\/\",\"url\":\"https:\/\/www.eurosaverhub.com\/fr\/faqs\/\",\"name\":\"Foire aux questions | Euro Saver Hub-FR\",\"isPartOf\":{\"@id\":\"https:\/\/www.eurosaverhub.com\/fr\/#website\"},\"datePublished\":\"2024-10-24T11:03:58+00:00\",\"dateModified\":\"2025-10-31T12:55:14+00:00\",\"description\":\"Vous trouverez les r\u00e9ponses aux questions fr\u00e9quentes concernant Euro Saver Hub-FR, les codes de r\u00e9duction, les offres et nos services dans notre FAQ.\",\"breadcrumb\":{\"@id\":\"https:\/\/www.eurosaverhub.com\/fr\/faqs\/#breadcrumb\"},\"inLanguage\":\"en-US\",\"potentialAction\":[{\"@type\":\"ReadAction\",\"target\":[\"https:\/\/www.eurosaverhub.com\/fr\/faqs\/\"]}]},{\"@type\":\"BreadcrumbList\",\"@id\":\"https:\/\/www.eurosaverhub.com\/fr\/faqs\/#breadcrumb\",\"itemListElement\":[{\"@type\":\"ListItem\",\"position\":1,\"name\":\"Home\",\"item\":\"https:\/\/www.eurosaverhub.com\/fr\/\"},{\"@type\":\"ListItem\",\"position\":2,\"name\":\"FAQs\"}]},{\"@type\":\"WebSite\",\"@id\":\"https:\/\/www.eurosaverhub.com\/fr\/#website\",\"url\":\"https:\/\/www.eurosaverhub.com\/fr\/\",\"name\":\"EuroSaverHub FR\",\"description\":\"\",\"potentialAction\":[{\"@type\":\"SearchAction\",\"target\":{\"@type\":\"EntryPoint\",\"urlTemplate\":\"https:\/\/www.eurosaverhub.com\/fr\/?s={search_term_string}\"},\"query-input\":{\"@type\":\"PropertyValueSpecification\",\"valueRequired\":true,\"valueName\":\"search_term_string\"}}],\"inLanguage\":\"en-US\"}]}<\/script>\n<!-- \/ Yoast SEO plugin. -->","yoast_head_json":{"title":"Foire aux questions | Euro Saver Hub-FR","description":"Vous trouverez les r\u00e9ponses aux questions fr\u00e9quentes concernant Euro Saver Hub-FR, les codes de r\u00e9duction, les offres et nos services dans notre FAQ.","robots":{"index":"index","follow":"follow","max-snippet":"max-snippet:-1","max-image-preview":"max-image-preview:large","max-video-preview":"max-video-preview:-1"},"canonical":"https:\/\/www.eurosaverhub.com\/fr\/faqs\/","og_locale":"en_US","og_type":"article","og_title":"Foire aux questions | Euro Saver Hub-FR","og_description":"Vous trouverez les r\u00e9ponses aux questions fr\u00e9quentes concernant Euro Saver Hub-FR, les codes de r\u00e9duction, les offres et nos services dans notre FAQ.","og_url":"https:\/\/www.eurosaverhub.com\/fr\/faqs\/","og_site_name":"EuroSaverHub FR","article_modified_time":"2025-10-31T12:55:14+00:00","twitter_card":"summary_large_image","twitter_misc":{"Est. reading time":"1 minute"},"schema":{"@context":"https:\/\/schema.org","@graph":[{"@type":"WebPage","@id":"https:\/\/www.eurosaverhub.com\/fr\/faqs\/","url":"https:\/\/www.eurosaverhub.com\/fr\/faqs\/","name":"Foire aux questions | Euro Saver Hub-FR","isPartOf":{"@id":"https:\/\/www.eurosaverhub.com\/fr\/#website"},"datePublished":"2024-10-24T11:03:58+00:00","dateModified":"2025-10-31T12:55:14+00:00","description":"Vous trouverez les r\u00e9ponses aux questions fr\u00e9quentes concernant Euro Saver Hub-FR, les codes de r\u00e9duction, les offres et nos services dans notre FAQ.","breadcrumb":{"@id":"https:\/\/www.eurosaverhub.com\/fr\/faqs\/#breadcrumb"},"inLanguage":"en-US","potentialAction":[{"@type":"ReadAction","target":["https:\/\/www.eurosaverhub.com\/fr\/faqs\/"]}]},{"@type":"BreadcrumbList","@id":"https:\/\/www.eurosaverhub.com\/fr\/faqs\/#breadcrumb","itemListElement":[{"@type":"ListItem","position":1,"name":"Home","item":"https:\/\/www.eurosaverhub.com\/fr\/"},{"@type":"ListItem","position":2,"name":"FAQs"}]},{"@type":"WebSite","@id":"https:\/\/www.eurosaverhub.com\/fr\/#website","url":"https:\/\/www.eurosaverhub.com\/fr\/","name":"EuroSaverHub FR","description":"","potentialAction":[{"@type":"SearchAction","target":{"@type":"EntryPoint","urlTemplate":"https:\/\/www.eurosaverhub.com\/fr\/?s={search_term_string}"},"query-input":{"@type":"PropertyValueSpecification","valueRequired":true,"valueName":"search_term_string"}}],"inLanguage":"en-US"}]}},"_links":{"self":[{"href":"https:\/\/www.eurosaverhub.com\/fr\/wp-json\/wp\/v2\/pages\/734","targetHints":{"allow":["GET"]}}],"collection":[{"href":"https:\/\/www.eurosaverhub.com\/fr\/wp-json\/wp\/v2\/pages"}],"about":[{"href":"https:\/\/www.eurosaverhub.com\/fr\/wp-json\/wp\/v2\/types\/page"}],"author":[{"embeddable":true,"href":"https:\/\/www.eurosaverhub.com\/fr\/wp-json\/wp\/v2\/users\/1"}],"replies":[{"embeddable":true,"href":"https:\/\/www.eurosaverhub.com\/fr\/wp-json\/wp\/v2\/comments?post=734"}],"version-history":[{"count":3,"href":"https:\/\/www.eurosaverhub.com\/fr\/wp-json\/wp\/v2\/pages\/734\/revisions"}],"predecessor-version":[{"id":4098,"href":"https:\/\/www.eurosaverhub.com\/fr\/wp-json\/wp\/v2\/pages\/734\/revisions\/4098"}],"wp:attachment":[{"href":"https:\/\/www.eurosaverhub.com\/fr\/wp-json\/wp\/v2\/media?parent=734"}],"curies":[{"name":"wp","href":"https:\/\/api.w.org\/{rel}","templated":true}]}}