{"id":734,"date":"2024-10-24T11:03:58","date_gmt":"2024-10-24T11:03:58","guid":{"rendered":"https:\/\/www.eurosaverhub.com\/us\/?page_id=734"},"modified":"2025-11-03T08:54:20","modified_gmt":"2025-11-03T08:54:20","slug":"faqs","status":"publish","type":"page","link":"https:\/\/www.eurosaverhub.com\/es\/faqs\/","title":{"rendered":"FAQs"},"content":{"rendered":"<h2>Preguntas frecuentes<\/h2>\n<p>\u00a1Bienvenido al Centro de Ahorro de euros! Estamos aqu\u00ed para responder a algunas de sus preguntas m\u00e1s frecuentes sobre nuestra plataforma y el apasionante mundo de las ofertas inmejorables. Si a\u00fan no encuentra lo que busca, p\u00f3ngase en contacto con nuestro amable equipo de soporte para obtener m\u00e1s ayuda.<\/p>\n","protected":false},"excerpt":{"rendered":"<p>Preguntas frecuentes \u00a1Bienvenido al Centro de Ahorro de euros! Estamos aqu\u00ed para responder a algunas de sus preguntas m\u00e1s frecuentes sobre nuestra plataforma y el apasionante mundo de las ofertas inmejorables. Si a\u00fan no encuentra lo que busca, p\u00f3ngase en contacto con nuestro amable equipo de soporte para obtener m\u00e1s ayuda.<\/p>\n","protected":false},"author":1,"featured_media":0,"parent":0,"menu_order":0,"comment_status":"closed","ping_status":"closed","template":"pages\/faqs.php","meta":{"_acf_changed":false,"footnotes":""},"class_list":["post-734","page","type-page","status-publish","hentry"],"acf":[],"yoast_head":"<!-- This site is optimized with the Yoast SEO plugin v26.2 - https:\/\/yoast.com\/wordpress\/plugins\/seo\/ -->\n<title>Preguntas frecuentes | Euro Saver Hub-ES<\/title>\n<meta name=\"description\" content=\"En nuestra secci\u00f3n de preguntas frecuentes encontrar\u00e1 respuestas a las preguntas m\u00e1s comunes sobre Euro Saver Hub-ES, c\u00f3digos de cup\u00f3n, ofertas y nuestros servicios.\" \/>\n<meta name=\"robots\" content=\"index, follow, max-snippet:-1, max-image-preview:large, max-video-preview:-1\" \/>\n<link rel=\"canonical\" href=\"https:\/\/www.eurosaverhub.com\/es\/faqs\/\" \/>\n<meta property=\"og:locale\" content=\"en_US\" \/>\n<meta property=\"og:type\" content=\"article\" \/>\n<meta property=\"og:title\" content=\"Preguntas frecuentes | Euro Saver Hub-ES\" \/>\n<meta property=\"og:description\" content=\"En nuestra secci\u00f3n de preguntas frecuentes encontrar\u00e1 respuestas a las preguntas m\u00e1s comunes sobre Euro Saver Hub-ES, c\u00f3digos de cup\u00f3n, ofertas y nuestros servicios.\" \/>\n<meta property=\"og:url\" content=\"https:\/\/www.eurosaverhub.com\/es\/faqs\/\" \/>\n<meta property=\"og:site_name\" content=\"EuroSaverHub ES\" \/>\n<meta property=\"article:modified_time\" content=\"2025-11-03T08:54:20+00:00\" \/>\n<meta name=\"twitter:card\" content=\"summary_large_image\" \/>\n<meta name=\"twitter:label1\" content=\"Est. reading time\" \/>\n\t<meta name=\"twitter:data1\" content=\"1 minute\" \/>\n<script type=\"application\/ld+json\" class=\"yoast-schema-graph\">{\"@context\":\"https:\/\/schema.org\",\"@graph\":[{\"@type\":\"WebPage\",\"@id\":\"https:\/\/www.eurosaverhub.com\/es\/faqs\/\",\"url\":\"https:\/\/www.eurosaverhub.com\/es\/faqs\/\",\"name\":\"Preguntas frecuentes | Euro Saver Hub-ES\",\"isPartOf\":{\"@id\":\"https:\/\/www.eurosaverhub.com\/es\/#website\"},\"datePublished\":\"2024-10-24T11:03:58+00:00\",\"dateModified\":\"2025-11-03T08:54:20+00:00\",\"description\":\"En nuestra secci\u00f3n de preguntas frecuentes encontrar\u00e1 respuestas a las preguntas m\u00e1s comunes sobre Euro Saver Hub-ES, c\u00f3digos de cup\u00f3n, ofertas y nuestros servicios.\",\"breadcrumb\":{\"@id\":\"https:\/\/www.eurosaverhub.com\/es\/faqs\/#breadcrumb\"},\"inLanguage\":\"en-US\",\"potentialAction\":[{\"@type\":\"ReadAction\",\"target\":[\"https:\/\/www.eurosaverhub.com\/es\/faqs\/\"]}]},{\"@type\":\"BreadcrumbList\",\"@id\":\"https:\/\/www.eurosaverhub.com\/es\/faqs\/#breadcrumb\",\"itemListElement\":[{\"@type\":\"ListItem\",\"position\":1,\"name\":\"Home\",\"item\":\"https:\/\/www.eurosaverhub.com\/es\/\"},{\"@type\":\"ListItem\",\"position\":2,\"name\":\"FAQs\"}]},{\"@type\":\"WebSite\",\"@id\":\"https:\/\/www.eurosaverhub.com\/es\/#website\",\"url\":\"https:\/\/www.eurosaverhub.com\/es\/\",\"name\":\"EuroSaverHub ES\",\"description\":\"\",\"potentialAction\":[{\"@type\":\"SearchAction\",\"target\":{\"@type\":\"EntryPoint\",\"urlTemplate\":\"https:\/\/www.eurosaverhub.com\/es\/?s={search_term_string}\"},\"query-input\":{\"@type\":\"PropertyValueSpecification\",\"valueRequired\":true,\"valueName\":\"search_term_string\"}}],\"inLanguage\":\"en-US\"}]}<\/script>\n<!-- \/ Yoast SEO plugin. -->","yoast_head_json":{"title":"Preguntas frecuentes | Euro Saver Hub-ES","description":"En nuestra secci\u00f3n de preguntas frecuentes encontrar\u00e1 respuestas a las preguntas m\u00e1s comunes sobre Euro Saver Hub-ES, c\u00f3digos de cup\u00f3n, ofertas y nuestros servicios.","robots":{"index":"index","follow":"follow","max-snippet":"max-snippet:-1","max-image-preview":"max-image-preview:large","max-video-preview":"max-video-preview:-1"},"canonical":"https:\/\/www.eurosaverhub.com\/es\/faqs\/","og_locale":"en_US","og_type":"article","og_title":"Preguntas frecuentes | Euro Saver Hub-ES","og_description":"En nuestra secci\u00f3n de preguntas frecuentes encontrar\u00e1 respuestas a las preguntas m\u00e1s comunes sobre Euro Saver Hub-ES, c\u00f3digos de cup\u00f3n, ofertas y nuestros servicios.","og_url":"https:\/\/www.eurosaverhub.com\/es\/faqs\/","og_site_name":"EuroSaverHub ES","article_modified_time":"2025-11-03T08:54:20+00:00","twitter_card":"summary_large_image","twitter_misc":{"Est. reading time":"1 minute"},"schema":{"@context":"https:\/\/schema.org","@graph":[{"@type":"WebPage","@id":"https:\/\/www.eurosaverhub.com\/es\/faqs\/","url":"https:\/\/www.eurosaverhub.com\/es\/faqs\/","name":"Preguntas frecuentes | Euro Saver Hub-ES","isPartOf":{"@id":"https:\/\/www.eurosaverhub.com\/es\/#website"},"datePublished":"2024-10-24T11:03:58+00:00","dateModified":"2025-11-03T08:54:20+00:00","description":"En nuestra secci\u00f3n de preguntas frecuentes encontrar\u00e1 respuestas a las preguntas m\u00e1s comunes sobre Euro Saver Hub-ES, c\u00f3digos de cup\u00f3n, ofertas y nuestros servicios.","breadcrumb":{"@id":"https:\/\/www.eurosaverhub.com\/es\/faqs\/#breadcrumb"},"inLanguage":"en-US","potentialAction":[{"@type":"ReadAction","target":["https:\/\/www.eurosaverhub.com\/es\/faqs\/"]}]},{"@type":"BreadcrumbList","@id":"https:\/\/www.eurosaverhub.com\/es\/faqs\/#breadcrumb","itemListElement":[{"@type":"ListItem","position":1,"name":"Home","item":"https:\/\/www.eurosaverhub.com\/es\/"},{"@type":"ListItem","position":2,"name":"FAQs"}]},{"@type":"WebSite","@id":"https:\/\/www.eurosaverhub.com\/es\/#website","url":"https:\/\/www.eurosaverhub.com\/es\/","name":"EuroSaverHub ES","description":"","potentialAction":[{"@type":"SearchAction","target":{"@type":"EntryPoint","urlTemplate":"https:\/\/www.eurosaverhub.com\/es\/?s={search_term_string}"},"query-input":{"@type":"PropertyValueSpecification","valueRequired":true,"valueName":"search_term_string"}}],"inLanguage":"en-US"}]}},"_links":{"self":[{"href":"https:\/\/www.eurosaverhub.com\/es\/wp-json\/wp\/v2\/pages\/734","targetHints":{"allow":["GET"]}}],"collection":[{"href":"https:\/\/www.eurosaverhub.com\/es\/wp-json\/wp\/v2\/pages"}],"about":[{"href":"https:\/\/www.eurosaverhub.com\/es\/wp-json\/wp\/v2\/types\/page"}],"author":[{"embeddable":true,"href":"https:\/\/www.eurosaverhub.com\/es\/wp-json\/wp\/v2\/users\/1"}],"replies":[{"embeddable":true,"href":"https:\/\/www.eurosaverhub.com\/es\/wp-json\/wp\/v2\/comments?post=734"}],"version-history":[{"count":3,"href":"https:\/\/www.eurosaverhub.com\/es\/wp-json\/wp\/v2\/pages\/734\/revisions"}],"predecessor-version":[{"id":3751,"href":"https:\/\/www.eurosaverhub.com\/es\/wp-json\/wp\/v2\/pages\/734\/revisions\/3751"}],"wp:attachment":[{"href":"https:\/\/www.eurosaverhub.com\/es\/wp-json\/wp\/v2\/media?parent=734"}],"curies":[{"name":"wp","href":"https:\/\/api.w.org\/{rel}","templated":true}]}}