{"id":244,"date":"2024-10-23T08:02:10","date_gmt":"2024-10-23T08:02:10","guid":{"rendered":"https:\/\/www.eurosaverhub.com\/us\/?page_id=244"},"modified":"2025-11-03T12:43:41","modified_gmt":"2025-11-03T12:43:41","slug":"about-us","status":"publish","type":"page","link":"https:\/\/www.eurosaverhub.com\/es\/about-us\/","title":{"rendered":"Sobre nosotras"},"content":{"rendered":"<h3>Sobre Euro Saver Hub: El mejor aliado de tu bolsillo<\/h3>\n<p>Euro Saver Hub es la soluci\u00f3n definitiva para todos tus gastos. Con la misi\u00f3n de ahorrarte hasta el \u00faltimo c\u00e9ntimo, nuestro equipo de expertos en ofertas encuentra los mejores descuentos y promociones para que ahorrar sea a\u00fan m\u00e1s emocionante. As\u00ed que date un capricho con tus marcas favoritas sin preocuparte por los precios.<\/p>\n<h3>La chispa que impuls\u00f3 nuestra idea:<\/h3>\n<p>En Euro Saver Hub sabemos que cada gasto es una oportunidad para ahorrar. Partiendo de esta sencilla idea, nuestra historia comienza ayudando a nuestros clientes a ahorrar m\u00e1s y a gastar con inteligencia sin renunciar a la calidad. Creemos que cada compra es una oportunidad para ahorrar. Ya sea que compres ropa o electr\u00f3nica, planifiques un viaje o pidas la cena, queremos que saques el m\u00e1ximo provecho de tu dinero.<\/p>\n<h3>Misi\u00f3n:<\/h3>\n<p>Revolucionar las compras en l\u00ednea conectando a los consumidores con las mejores ofertas y promociones, fomentando una cultura de consumo responsable y de empoderamiento financiero.<\/p>\n<h3>Visi\u00f3n:<\/h3>\n<p>Ser el destino preferido de los compradores que buscan maximizar sus ahorros en una amplia gama de productos y servicios, garantizando una experiencia de compra m\u00e1s asequible y placentera.<\/p>\n<h3>\u00bfPor qu\u00e9 elegir Euro Saver Hub?<\/h3>\n<p>Gran variedad de marcas: Trabajamos con numerosas tiendas y marcas de gran prestigio en diversos sectores. Ofrecemos descuentos en todo lo que necesitas, desde ropa y electr\u00f3nica hasta viajes y comidas.<\/p>\n<ul>\n<li><strong>Garant\u00eda de calidad<\/strong>: Solo trabajamos con marcas y tiendas de renombre para asegurarnos de que reciba productos y servicios de la m\u00e1s alta calidad. Su satisfacci\u00f3n es nuestra prioridad y nos esforzamos por ofrecerle una experiencia de compra fluida y agradable.<\/li>\n<li><strong>Actualizaciones puntuales<\/strong>: Mantenemos nuestras ofertas al d\u00eda para que encuentre las \u00faltimas. Con Euro Saver Hub, siempre conseguir\u00e1 grandes ahorros.<\/li>\n<li><strong>Plataforma intuitiva<\/strong>: Usar Euro Saver Hub es muy f\u00e1cil. Nuestra p\u00e1gina web y nuestra app son muy f\u00e1ciles de usar, por lo que encontrar y aprovechar cupones y ofertas no le supondr\u00e1 ning\u00fan problema.<\/li>\n<\/ul>\n<p><em>Forma parte de la comunidad Euro Saver Hub<\/em><\/p>\n<p>No solo somos un sitio para ahorrar dinero; somos un grupo de personas apasionadas por encontrar buenas ofertas. S\u00edguenos en redes sociales y \u00fanete a nuestra comunidad. Comparte tus experiencias, descubre nuevos descuentos y ayuda a otros a ahorrar.<\/p>\n<p>Gracias por elegir Euro Saver Hub para ayudarte a ahorrar. Estamos deseando ayudarte a ahorrar dinero y a disfrutar de la vida al m\u00e1ximo. \u00a1una oferta a la vez!<\/p>\n<p><em><strong>\u00a1Feliz ahorro!<\/strong><\/em><\/p>\n","protected":false},"excerpt":{"rendered":"<p>Sobre Euro Saver Hub: El mejor aliado de tu bolsillo Euro Saver Hub es la soluci\u00f3n definitiva para todos tus gastos. Con la misi\u00f3n de ahorrarte hasta el \u00faltimo c\u00e9ntimo, nuestro equipo de expertos en ofertas encuentra los mejores descuentos y promociones para que ahorrar sea a\u00fan m\u00e1s emocionante. As\u00ed que date un capricho con [&hellip;]<\/p>\n","protected":false},"author":1,"featured_media":0,"parent":0,"menu_order":0,"comment_status":"closed","ping_status":"closed","template":"pages\/pages-template.php","meta":{"_acf_changed":false,"footnotes":""},"class_list":["post-244","page","type-page","status-publish","hentry"],"acf":[],"yoast_head":"<!-- This site is optimized with the Yoast SEO plugin v26.2 - https:\/\/yoast.com\/wordpress\/plugins\/seo\/ -->\n<title>Sobre nosotros - M\u00e1s informaci\u00f3n sobre EuroSaverHub ES<\/title>\n<meta name=\"description\" content=\"Descubre EuroSaverHub ES: tu plataforma de confianza para c\u00f3digos de cupones verificados, ofertas y ahorros en las mejores marcas de Espa\u00f1a.\" \/>\n<meta name=\"robots\" content=\"index, follow, max-snippet:-1, max-image-preview:large, max-video-preview:-1\" \/>\n<link rel=\"canonical\" href=\"https:\/\/www.eurosaverhub.com\/es\/about-us\/\" \/>\n<meta property=\"og:locale\" content=\"en_US\" \/>\n<meta property=\"og:type\" content=\"article\" \/>\n<meta property=\"og:title\" content=\"Sobre nosotros - M\u00e1s informaci\u00f3n sobre EuroSaverHub ES\" \/>\n<meta property=\"og:description\" content=\"Descubre EuroSaverHub ES: tu plataforma de confianza para c\u00f3digos de cupones verificados, ofertas y ahorros en las mejores marcas de Espa\u00f1a.\" \/>\n<meta property=\"og:url\" content=\"https:\/\/www.eurosaverhub.com\/es\/about-us\/\" \/>\n<meta property=\"og:site_name\" content=\"EuroSaverHub ES\" \/>\n<meta property=\"article:modified_time\" content=\"2025-11-03T12:43:41+00:00\" \/>\n<meta name=\"twitter:card\" content=\"summary_large_image\" \/>\n<meta name=\"twitter:label1\" content=\"Est. reading time\" \/>\n\t<meta name=\"twitter:data1\" content=\"2 minutes\" \/>\n<script type=\"application\/ld+json\" class=\"yoast-schema-graph\">{\"@context\":\"https:\/\/schema.org\",\"@graph\":[{\"@type\":\"WebPage\",\"@id\":\"https:\/\/www.eurosaverhub.com\/es\/about-us\/\",\"url\":\"https:\/\/www.eurosaverhub.com\/es\/about-us\/\",\"name\":\"Sobre nosotros - M\u00e1s informaci\u00f3n sobre EuroSaverHub ES\",\"isPartOf\":{\"@id\":\"https:\/\/www.eurosaverhub.com\/es\/#website\"},\"datePublished\":\"2024-10-23T08:02:10+00:00\",\"dateModified\":\"2025-11-03T12:43:41+00:00\",\"description\":\"Descubre EuroSaverHub ES: tu plataforma de confianza para c\u00f3digos de cupones verificados, ofertas y ahorros en las mejores marcas de Espa\u00f1a.\",\"breadcrumb\":{\"@id\":\"https:\/\/www.eurosaverhub.com\/es\/about-us\/#breadcrumb\"},\"inLanguage\":\"en-US\",\"potentialAction\":[{\"@type\":\"ReadAction\",\"target\":[\"https:\/\/www.eurosaverhub.com\/es\/about-us\/\"]}]},{\"@type\":\"BreadcrumbList\",\"@id\":\"https:\/\/www.eurosaverhub.com\/es\/about-us\/#breadcrumb\",\"itemListElement\":[{\"@type\":\"ListItem\",\"position\":1,\"name\":\"Home\",\"item\":\"https:\/\/www.eurosaverhub.com\/es\/\"},{\"@type\":\"ListItem\",\"position\":2,\"name\":\"Sobre nosotras\"}]},{\"@type\":\"WebSite\",\"@id\":\"https:\/\/www.eurosaverhub.com\/es\/#website\",\"url\":\"https:\/\/www.eurosaverhub.com\/es\/\",\"name\":\"EuroSaverHub ES\",\"description\":\"\",\"potentialAction\":[{\"@type\":\"SearchAction\",\"target\":{\"@type\":\"EntryPoint\",\"urlTemplate\":\"https:\/\/www.eurosaverhub.com\/es\/?s={search_term_string}\"},\"query-input\":{\"@type\":\"PropertyValueSpecification\",\"valueRequired\":true,\"valueName\":\"search_term_string\"}}],\"inLanguage\":\"en-US\"}]}<\/script>\n<!-- \/ Yoast SEO plugin. -->","yoast_head_json":{"title":"Sobre nosotros - M\u00e1s informaci\u00f3n sobre EuroSaverHub ES","description":"Descubre EuroSaverHub ES: tu plataforma de confianza para c\u00f3digos de cupones verificados, ofertas y ahorros en las mejores marcas de Espa\u00f1a.","robots":{"index":"index","follow":"follow","max-snippet":"max-snippet:-1","max-image-preview":"max-image-preview:large","max-video-preview":"max-video-preview:-1"},"canonical":"https:\/\/www.eurosaverhub.com\/es\/about-us\/","og_locale":"en_US","og_type":"article","og_title":"Sobre nosotros - M\u00e1s informaci\u00f3n sobre EuroSaverHub ES","og_description":"Descubre EuroSaverHub ES: tu plataforma de confianza para c\u00f3digos de cupones verificados, ofertas y ahorros en las mejores marcas de Espa\u00f1a.","og_url":"https:\/\/www.eurosaverhub.com\/es\/about-us\/","og_site_name":"EuroSaverHub ES","article_modified_time":"2025-11-03T12:43:41+00:00","twitter_card":"summary_large_image","twitter_misc":{"Est. reading time":"2 minutes"},"schema":{"@context":"https:\/\/schema.org","@graph":[{"@type":"WebPage","@id":"https:\/\/www.eurosaverhub.com\/es\/about-us\/","url":"https:\/\/www.eurosaverhub.com\/es\/about-us\/","name":"Sobre nosotros - M\u00e1s informaci\u00f3n sobre EuroSaverHub ES","isPartOf":{"@id":"https:\/\/www.eurosaverhub.com\/es\/#website"},"datePublished":"2024-10-23T08:02:10+00:00","dateModified":"2025-11-03T12:43:41+00:00","description":"Descubre EuroSaverHub ES: tu plataforma de confianza para c\u00f3digos de cupones verificados, ofertas y ahorros en las mejores marcas de Espa\u00f1a.","breadcrumb":{"@id":"https:\/\/www.eurosaverhub.com\/es\/about-us\/#breadcrumb"},"inLanguage":"en-US","potentialAction":[{"@type":"ReadAction","target":["https:\/\/www.eurosaverhub.com\/es\/about-us\/"]}]},{"@type":"BreadcrumbList","@id":"https:\/\/www.eurosaverhub.com\/es\/about-us\/#breadcrumb","itemListElement":[{"@type":"ListItem","position":1,"name":"Home","item":"https:\/\/www.eurosaverhub.com\/es\/"},{"@type":"ListItem","position":2,"name":"Sobre nosotras"}]},{"@type":"WebSite","@id":"https:\/\/www.eurosaverhub.com\/es\/#website","url":"https:\/\/www.eurosaverhub.com\/es\/","name":"EuroSaverHub ES","description":"","potentialAction":[{"@type":"SearchAction","target":{"@type":"EntryPoint","urlTemplate":"https:\/\/www.eurosaverhub.com\/es\/?s={search_term_string}"},"query-input":{"@type":"PropertyValueSpecification","valueRequired":true,"valueName":"search_term_string"}}],"inLanguage":"en-US"}]}},"_links":{"self":[{"href":"https:\/\/www.eurosaverhub.com\/es\/wp-json\/wp\/v2\/pages\/244","targetHints":{"allow":["GET"]}}],"collection":[{"href":"https:\/\/www.eurosaverhub.com\/es\/wp-json\/wp\/v2\/pages"}],"about":[{"href":"https:\/\/www.eurosaverhub.com\/es\/wp-json\/wp\/v2\/types\/page"}],"author":[{"embeddable":true,"href":"https:\/\/www.eurosaverhub.com\/es\/wp-json\/wp\/v2\/users\/1"}],"replies":[{"embeddable":true,"href":"https:\/\/www.eurosaverhub.com\/es\/wp-json\/wp\/v2\/comments?post=244"}],"version-history":[{"count":3,"href":"https:\/\/www.eurosaverhub.com\/es\/wp-json\/wp\/v2\/pages\/244\/revisions"}],"predecessor-version":[{"id":3754,"href":"https:\/\/www.eurosaverhub.com\/es\/wp-json\/wp\/v2\/pages\/244\/revisions\/3754"}],"wp:attachment":[{"href":"https:\/\/www.eurosaverhub.com\/es\/wp-json\/wp\/v2\/media?parent=244"}],"curies":[{"name":"wp","href":"https:\/\/api.w.org\/{rel}","templated":true}]}}